{"id":751,"date":"2016-02-25T18:44:56","date_gmt":"2016-02-25T18:44:56","guid":{"rendered":"https:\/\/www.semanasantavinaros.es\/ss\/?page_id=751"},"modified":"2016-03-01T18:24:03","modified_gmt":"2016-03-01T18:24:03","slug":"nuestra-historia","status":"publish","type":"page","link":"https:\/\/www.semanasantavinaros.es\/ss\/nuestra-historia\/","title":{"rendered":"Nuestra historia"},"content":{"rendered":"<div class=\"wpb-content-wrapper\"><p>[vc_row][vc_column width=\u00bb1\/6&#8243;][vc_single_image image=\u00bb898&#8243; img_size=\u00bbfull\u00bb alignment=\u00bbright\u00bb][vc_column_text]<em>Grabado de Jes\u00fas Nazareno de Vinar\u00f2s del siglo XVIII<\/em>[\/vc_column_text][vc_separator][vc_single_image image=\u00bb900&#8243; img_size=\u00bblarge\u00bb alignment=\u00bbcenter\u00bb][vc_column_text]<em>1939 Cofrad\u00eda Virgen de las Angustias<\/em>[\/vc_column_text][vc_separator][vc_single_image image=\u00bb901&#8243; img_size=\u00bblarge\u00bb alignment=\u00bbcenter\u00bb][vc_column_text]<em>1940 Cofrad\u00eda del Nazareno<\/em>[\/vc_column_text][\/vc_column][vc_column width=\u00bb2\/3&#8243;][vc_column_text]<\/p>\n<p class=\"textenormal\" style=\"text-align: justify;\">Los documentos m\u00e1s antiguos de nuestra Semana Santa, datan del a\u00f1o 1595 y nos hablan de la cofradia del \u00abNazareno\u00bb y de la \u00abMayoralia de la Sangre\u00bb. En 1670 nos hablan de las cruces del \u00abMunti Calvari\u00bb. En 1697 ya se habla tambi\u00e9n de las procesiones del Jueves y Viernes Santo. Muy importantes fueron en aquellos tiempos los \u00abGremios\u00bb como los de tejedores, carpinteros, marineros, entre otros, y que tanto contribuyeron entonces en nuestra Semana Santa.<\/p>\n<p class=\"textenormal\" style=\"text-align: justify;\">No podemos dejar de hablar, de los conventos de San Agust\u00edn donde estaba la \u00abMayoral\u00eda de la Sangre\u00bb encargada de organizar las procesiones, y del convento de San Francisco. M\u00e1s tarde, la organizaci\u00f3n fue a cargo de la Cofrad\u00eda del \u00abSant\u00edsimo\u00bb, seg\u00fan consta en documentos del siglo XVII.<\/p>\n<p class=\"textenormal\" style=\"text-align: justify;\">Los tiempos m\u00e1s dif\u00edciles fueron en 1936 en la Guerra Civil espa\u00f1ola, donde tras la quema de Im\u00e1genes y Pasos, nuestra Semana Santa estuvo a punto de desaparecer.<\/p>\n<p class=\"textenormal\" style=\"text-align: justify;\">Acabada la guerra civil, comienza de nuevo a reavivar nuestra Semana Santa y hasta nuestros d\u00edas, en que con nuestras 15 cofrad\u00edas y concretamente, con la celebraci\u00f3n de la procesi\u00f3n del Jueves Santo, es de las m\u00e1s importantes desde Tarragona hasta Valencia.<\/p>\n<p class=\"textenormal\" style=\"text-align: justify;\">Si bien los primeros datos que tenemos de nuestra Semana Santa de Vinar\u00f2s son del s. XVI concretamente del a\u00f1o 1.595, vamos a relatarles la historia de nuestra Semana Santa a partir del a\u00f1o 1987 cuando se form\u00f3 la actual \u00abJunta de Cofrad\u00edas\u00bb, y hasta nuestros d\u00edas.<\/p>\n<p class=\"textenormal\" style=\"text-align: justify;\">En 1987, finalizada la Semana Santa y vi\u00e9ndose saturado por la magnitud de actos y cofrad\u00edas, nuestro entonces Arcipreste Mossen Enrique Porcar Fores, (q.e.d.), decidi\u00f3 organizar la actual \u00abJunta de Cofrad\u00edas de la Semana Santa de Vinar\u00f2s\u00bb, a instancias de D. Pepe Escura, y apoyado en todo momento por el trabajo de los Hermanos Mayores y miembros de las cofradias.<\/p>\n<p class=\"textenormal\" style=\"text-align: justify;\">Su primer presidente fue D. Agust\u00edn Prades Arnau que estuvo desde 1987 hasta 1998, con un mandato de 12 a\u00f1os. Posteriormente le sucedi\u00f3 D. Francisco Tornel Izquierdo desde 1998 hasta 2001. Actualmente, el Presidente es D. Pere Suquet Sala, elegido en 2002, concluyendo su cuarto mandato, y por tanto, llevando 11 a\u00f1os como Presidente.<\/p>\n<p class=\"textenormal\" style=\"text-align: justify;\">La actual Federaci\u00f3n de Cofrad\u00edas est\u00e1 integrada por 11 Cofrad\u00edas de nuestra Semana Santa, a trav\u00e9s de sus Hermanos Mayores o Representantes, m\u00e1s el Consiliario, Presidente, y Secretario.<\/p>\n<p class=\"textenormal\" style=\"text-align: justify;\">En el a\u00f1o de 1997, se fund\u00f3 dentro de la Junta de Cofrad\u00edas, la \u00abComisi\u00f3n Permanente\u00bb que est\u00e1 compuesta por seis miembros, y tiene como funci\u00f3n ejecutar los acuerdos de la Junta, especialmente, la de organizar y contratar todos los actos a realizar.<\/p>\n<p class=\"textenormal\">Como datos hist\u00f3ricos destacar los siguientes:<\/p>\n<ul class=\"textenormal\">\n<li>1987. Se forma la Junta de Cofrad\u00edas.<\/li>\n<li>1988. Se organiza el concurso de carteles.<\/li>\n<li>1989. Se organiza la exposici\u00f3n de Pasos de Semana Santa en la Plaza Parroquial.<\/li>\n<li>1990. Se inicia la exposici\u00f3n de la Semana Santa.<\/li>\n<li>1990. Se instaura el Preg\u00f3n de la Semana Santa, siendo el primer Pregonero el Padre Mundina.<\/li>\n<li>1992. Se recupera la tradici\u00f3n del V\u00eda Crucis por la Ermita.<\/li>\n<li>1992. Gracias a las gestiones del entonces presidente D. Agust\u00edn Prades Arnau, se mont\u00f3 en el auditorio la exposici\u00f3n de \u00e1mbito provincial en la que colaboraron 50 cofrad\u00edas de nuestra provincia.<\/li>\n<li>1993. Ca\u00edda del techo del antiguo convento de San Francisco, donde se guardaban la mayor\u00eda de Pasos de Nuestra Semana Santa, causando graves desperfectos en algunas peanas.<\/li>\n<li>1996. Se incorporan a los actos, la \u00abRompida de la Hora\u00bb, a cargo de los tambores y bombos de la Cofrad\u00eda del \u00abCristo de los Tambores\u00bb, de la localidad de Andorra (Teruel) ciudad integrada dentro de la \u00abRuta del tambor y del bombo\u00bb, gracias a las gestiones de D. Jos\u00e9 Galve.<\/li>\n<li>2001. Se incorporan a los actos, los premios al mejor escaparate y mejor balc\u00f3n engalanados.<\/li>\n<li>2002 y 2003. Se trae al reparto de actores de la \u00abPassi\u00f3 de Ulldecona\u00bb, gracias a las gestiones del actual presidente D. Pere Suquet Sala.<\/li>\n<li>2003. A trav\u00e9s de las gestiones de la Junta de Cofrad\u00edas, se contacta con Canal 9 (Televisi\u00f3 Valenciana), y se consigue que se transmita en riguroso directo, la Procesi\u00f3n del Jueves Santo, con una duraci\u00f3n de 2 horas y 15 minutos.<\/li>\n<li>2009. Se inician los tr\u00e1mites para que \u201cJunta de Cofrad\u00edas de Semana Santa de Vinar\u00f2s\u201d se convierta en una Federaci\u00f3n con unos Estatutos adaptados a la misma.<\/li>\n<li>2010. La Junta de Cofrad\u00edas pasa a ser legalmente \u00abFederaci\u00f3n de Cofrad\u00edas\u00bb.<\/li>\n<\/ul>\n<p>[\/vc_column_text][\/vc_column][vc_column width=\u00bb1\/6&#8243;][vc_single_image image=\u00bb902&#8243; img_size=\u00bblarge\u00bb alignment=\u00bbcenter\u00bb][vc_column_text]<em>1940 Cofrad\u00eda Virgen de los Dolores<\/em>[\/vc_column_text][vc_separator][\/vc_column][\/vc_row]<\/p>\n<\/div>","protected":false},"excerpt":{"rendered":"<p>[vc_row][vc_column width=\u00bb1\/6&#8243;][vc_single_image image=\u00bb898&#8243; img_size=\u00bbfull\u00bb alignment=\u00bbright\u00bb][vc_column_text]Grabado de Jes\u00fas Nazareno de Vinar\u00f2s del siglo XVIII[\/vc_column_text][vc_separator][vc_single_image image=\u00bb900&#8243; img_size=\u00bblarge\u00bb alignment=\u00bbcenter\u00bb][vc_column_text]1939 Cofrad\u00eda Virgen de las Angustias[\/vc_column_text][vc_separator][vc_single_image image=\u00bb901&#8243; img_size=\u00bblarge\u00bb alignment=\u00bbcenter\u00bb][vc_column_text]1940 Cofrad\u00eda del Nazareno[\/vc_column_text][\/vc_column][vc_column width=\u00bb2\/3&#8243;][vc_column_text] Los documentos m\u00e1s antiguos de nuestra Semana Santa, datan del a\u00f1o 1595 y nos hablan de la cofradia del \u00abNazareno\u00bb y de la \u00abMayoralia de la Sangre\u00bb.&nbsp;<\/p>\n<p><a class=\"btn btn-style\" href=\"https:\/\/www.semanasantavinaros.es\/ss\/nuestra-historia\/\">Continue Reading<\/a><\/p>\n","protected":false},"author":1,"featured_media":0,"parent":0,"menu_order":0,"comment_status":"closed","ping_status":"closed","template":"","meta":{"_mi_skip_tracking":false},"_links":{"self":[{"href":"https:\/\/www.semanasantavinaros.es\/ss\/wp-json\/wp\/v2\/pages\/751"}],"collection":[{"href":"https:\/\/www.semanasantavinaros.es\/ss\/wp-json\/wp\/v2\/pages"}],"about":[{"href":"https:\/\/www.semanasantavinaros.es\/ss\/wp-json\/wp\/v2\/types\/page"}],"author":[{"embeddable":true,"href":"https:\/\/www.semanasantavinaros.es\/ss\/wp-json\/wp\/v2\/users\/1"}],"replies":[{"embeddable":true,"href":"https:\/\/www.semanasantavinaros.es\/ss\/wp-json\/wp\/v2\/comments?post=751"}],"version-history":[{"count":6,"href":"https:\/\/www.semanasantavinaros.es\/ss\/wp-json\/wp\/v2\/pages\/751\/revisions"}],"predecessor-version":[{"id":906,"href":"https:\/\/www.semanasantavinaros.es\/ss\/wp-json\/wp\/v2\/pages\/751\/revisions\/906"}],"wp:attachment":[{"href":"https:\/\/www.semanasantavinaros.es\/ss\/wp-json\/wp\/v2\/media?parent=751"}],"curies":[{"name":"wp","href":"https:\/\/api.w.org\/{rel}","templated":true}]}}