{"id":758,"date":"2016-02-25T18:50:59","date_gmt":"2016-02-25T18:50:59","guid":{"rendered":"https:\/\/www.semanasantavinaros.es\/ss\/?page_id=758"},"modified":"2025-03-27T09:33:14","modified_gmt":"2025-03-27T09:33:14","slug":"exposicion","status":"publish","type":"page","link":"https:\/\/www.semanasantavinaros.es\/ss\/exposicion\/","title":{"rendered":"Exposici\u00f3n"},"content":{"rendered":"<p><img decoding=\"async\" loading=\"lazy\" class=\"size-medium wp-image-1466 alignleft\" src=\"https:\/\/www.semanasantavinaros.es\/ss\/wp-content\/uploads\/WhatsApp-Image-2025-03-27-at-09.41.11-1-300x209.jpeg\" alt=\"\" width=\"300\" height=\"209\" srcset=\"https:\/\/www.semanasantavinaros.es\/ss\/wp-content\/uploads\/WhatsApp-Image-2025-03-27-at-09.41.11-1-300x209.jpeg 300w, https:\/\/www.semanasantavinaros.es\/ss\/wp-content\/uploads\/WhatsApp-Image-2025-03-27-at-09.41.11-1-1024x712.jpeg 1024w, https:\/\/www.semanasantavinaros.es\/ss\/wp-content\/uploads\/WhatsApp-Image-2025-03-27-at-09.41.11-1-768x534.jpeg 768w, https:\/\/www.semanasantavinaros.es\/ss\/wp-content\/uploads\/WhatsApp-Image-2025-03-27-at-09.41.11-1-1536x1068.jpeg 1536w, https:\/\/www.semanasantavinaros.es\/ss\/wp-content\/uploads\/WhatsApp-Image-2025-03-27-at-09.41.11-1.jpeg 1600w\" sizes=\"(max-width: 300px) 100vw, 300px\" \/><\/p>\n<p class=\"textenormal\">En el a\u00f1o 1989 una persona muy artista y con mucha ilusi\u00f3n, hijo de Vinar\u00f2s, D. Francisco Gombau Blanchadell, tuvo el honor de realizar con todo su ingenio e imaginaci\u00f3n para esta ciudad, los pasos de nuestra Semana Santa y tambi\u00e9n los cofrades que acompa\u00f1an a los mismos en miniatura. Su madre C<\/p>\n<p class=\"textenormal\">armen, le ayudo con el hilo y la aguja, para confeccionar las t\u00fanicas\u00a0 con los mismos colores de los cofrades que salen en procesi\u00f3n.<\/p>\n<p class=\"textenormal\">Cada a\u00f1o se hace una exposici\u00f3n de dicha obra de arte en la oficina de turismo de Vinar\u00f2s. En esta exposici\u00f3n tambi\u00e9n se muestran los pendones y varas de mando de los Hermanos Mayores y t\u00fanicas de cada cofrad\u00eda, as\u00ed como fotos antiguas que realzan la historia de nuestra Semana Santa.<\/p>\n<p class=\"textenormal\">Son mas de 5000 los visitantes que pasan durante estos d\u00edas de fiesta para visitar nuestra exposici\u00f3n, y este es un complemento m\u00e1s para visitarnos.<\/p>\n<p><img decoding=\"async\" loading=\"lazy\" class=\"size-medium wp-image-1467 alignleft\" src=\"https:\/\/www.semanasantavinaros.es\/ss\/wp-content\/uploads\/WhatsApp-Image-2025-03-27-at-09.41.11-2-300x176.jpeg\" alt=\"\" width=\"300\" height=\"176\" srcset=\"https:\/\/www.semanasantavinaros.es\/ss\/wp-content\/uploads\/WhatsApp-Image-2025-03-27-at-09.41.11-2-300x176.jpeg 300w, https:\/\/www.semanasantavinaros.es\/ss\/wp-content\/uploads\/WhatsApp-Image-2025-03-27-at-09.41.11-2-1024x602.jpeg 1024w, https:\/\/www.semanasantavinaros.es\/ss\/wp-content\/uploads\/WhatsApp-Image-2025-03-27-at-09.41.11-2-768x452.jpeg 768w, https:\/\/www.semanasantavinaros.es\/ss\/wp-content\/uploads\/WhatsApp-Image-2025-03-27-at-09.41.11-2-1536x903.jpeg 1536w, https:\/\/www.semanasantavinaros.es\/ss\/wp-content\/uploads\/WhatsApp-Image-2025-03-27-at-09.41.11-2.jpeg 1600w\" sizes=\"(max-width: 300px) 100vw, 300px\" \/><\/p>\n<p>Vinar\u00f2s te espera en su Semana Santa.<\/p>\n<p>&nbsp;<\/p>\n","protected":false},"excerpt":{"rendered":"<p>En el a\u00f1o 1989 una persona muy artista y con mucha ilusi\u00f3n, hijo de Vinar\u00f2s, D. Francisco Gombau Blanchadell, tuvo el honor de realizar con todo su ingenio e imaginaci\u00f3n para esta ciudad, los pasos de nuestra Semana Santa y tambi\u00e9n los cofrades que acompa\u00f1an a los mismos en miniatura. Su madre C armen, le&nbsp;<\/p>\n<p><a class=\"btn btn-style\" href=\"https:\/\/www.semanasantavinaros.es\/ss\/exposicion\/\">Continue Reading<\/a><\/p>\n","protected":false},"author":1,"featured_media":0,"parent":0,"menu_order":0,"comment_status":"closed","ping_status":"closed","template":"","meta":{"_mi_skip_tracking":false},"_links":{"self":[{"href":"https:\/\/www.semanasantavinaros.es\/ss\/wp-json\/wp\/v2\/pages\/758"}],"collection":[{"href":"https:\/\/www.semanasantavinaros.es\/ss\/wp-json\/wp\/v2\/pages"}],"about":[{"href":"https:\/\/www.semanasantavinaros.es\/ss\/wp-json\/wp\/v2\/types\/page"}],"author":[{"embeddable":true,"href":"https:\/\/www.semanasantavinaros.es\/ss\/wp-json\/wp\/v2\/users\/1"}],"replies":[{"embeddable":true,"href":"https:\/\/www.semanasantavinaros.es\/ss\/wp-json\/wp\/v2\/comments?post=758"}],"version-history":[{"count":7,"href":"https:\/\/www.semanasantavinaros.es\/ss\/wp-json\/wp\/v2\/pages\/758\/revisions"}],"predecessor-version":[{"id":1469,"href":"https:\/\/www.semanasantavinaros.es\/ss\/wp-json\/wp\/v2\/pages\/758\/revisions\/1469"}],"wp:attachment":[{"href":"https:\/\/www.semanasantavinaros.es\/ss\/wp-json\/wp\/v2\/media?parent=758"}],"curies":[{"name":"wp","href":"https:\/\/api.w.org\/{rel}","templated":true}]}}