{"id":760,"date":"2016-02-25T18:51:29","date_gmt":"2016-02-25T18:51:29","guid":{"rendered":"https:\/\/www.semanasantavinaros.es\/ss\/?page_id=760"},"modified":"2026-03-10T19:34:28","modified_gmt":"2026-03-10T19:34:28","slug":"carteles","status":"publish","type":"page","link":"https:\/\/www.semanasantavinaros.es\/ss\/carteles\/","title":{"rendered":"Carteles"},"content":{"rendered":"<div class=\"wpb-content-wrapper\"><p>[vc_row][vc_column width=\u00bb1\/3&#8243;][\/vc_column][vc_single_image image=\u00bb1493&#8243; img_size=\u00bbfull\u00bb alignment=\u00bbcenter\u00bb style=\u00bbvc_box_rounded\u00bb title=\u00bb2026&#8243;][vc_column_text]<\/p>\n<p class=\"textenormal\">Autor: <b><span style=\"font-size: large;\">Javier Rada A\u00f3s<\/span><\/b><strong><br \/>\n<\/strong><\/p>\n<p class=\"textenormal\">T\u00edtulo: <b><span style=\"font-size: large;\">Consummatum Est<\/span><\/b><\/p>\n<p>[\/vc_column_text][\/vc_row][vc_row][vc_column][vc_column_text]<\/p>\n<p>[\/vc_column_text][\/vc_column][\/vc_row][vc_row][vc_column width=\u00bb1\/3&#8243;][\/vc_column][vc_single_image image=\u00bb1443&#8243; img_size=\u00bbfull\u00bb alignment=\u00bbcenter\u00bb style=\u00bbvc_box_rounded\u00bb title=\u00bb2025&#8243;][vc_column_text]<\/p>\n<p class=\"textenormal\">Autor: <b><span style=\"font-size: large;\">Rub\u00e9n Lucas Garc\u00eda<\/span><\/b><strong><br \/>\n<\/strong><\/p>\n<p class=\"textenormal\">T\u00edtulo: <b><span style=\"font-size: large;\">Llapis<\/span><\/b><\/p>\n<p>[\/vc_column_text][\/vc_row][vc_row][vc_column][vc_column_text]<\/p>\n<p>[\/vc_column_text][\/vc_column][\/vc_row][vc_row][vc_column width=\u00bb1\/3&#8243;][\/vc_column][vc_single_image image=\u00bb1402&#8243; img_size=\u00bbfull\u00bb alignment=\u00bbcenter\u00bb style=\u00bbvc_box_rounded\u00bb title=\u00bb2024&#8243;][vc_column_text]<\/p>\n<p class=\"textenormal\">Autor:\u00a0<strong>Daniel Garcia Moragues<br \/>\n<\/strong><\/p>\n<p class=\"textenormal\">T\u00edtulo:\u00a0<strong>Dolor y fe<\/strong><\/p>\n<p>[\/vc_column_text][\/vc_row][vc_row][vc_column][vc_column_text]<br \/>\n[\/vc_column_text][\/vc_column][\/vc_row][vc_row][vc_column width=\u00bb1\/3&#8243;][vc_single_image image=\u00bb1342&#8243; img_size=\u00bbfull\u00bb alignment=\u00bbcenter\u00bb style=\u00bbvc_box_rounded\u00bb title=\u00bb2023&#8243;][vc_column_text]<\/p>\n<p class=\"textenormal\">Autor:\u00a0<strong>Crist\u00f3bal Aguil\u00f3 Dominguez<\/strong><\/p>\n<p class=\"textenormal\">T\u00edtulo:\u00a0<strong>Una fe inmensa como el mar<\/strong><\/p>\n<p>[\/vc_column_text][vc_single_image image=\u00bb1201&#8243; img_size=\u00bbfull\u00bb alignment=\u00bbcenter\u00bb style=\u00bbvc_box_rounded\u00bb title=\u00bb2019&#8243;][vc_column_text]<\/p>\n<p class=\"textenormal\">Autor: <strong>Crist\u00f3bal Aguil\u00f3 Dom\u00ednguez.<\/strong><\/p>\n<p class=\"textenormal\">T\u00edtulo: <strong>Bodeg\u00f3n<\/strong><strong>.<\/strong><\/p>\n<p>[\/vc_column_text][vc_single_image image=\u00bb796&#8243; img_size=\u00bbfull\u00bb style=\u00bbvc_box_rounded\u00bb title=\u00bb2016&#8243;][vc_column_text]Autor:<strong> Javier Perez Roig<br \/>\n<\/strong><\/p>\n<p>T\u00edtulo:<strong> <strong>El cam\u00ed que ens porta a l\u2019esperan\u00e7a.<\/strong><\/strong>[\/vc_column_text][vc_single_image image=\u00bb829&#8243; img_size=\u00bbfull\u00bb alignment=\u00bbcenter\u00bb style=\u00bbvc_box_rounded\u00bb title=\u00bb2013&#8243;][vc_column_text]Autor: <strong>Andreu Rovira Castell\u00e0<\/strong><\/p>\n<p>T\u00edtulo: <strong>\u201cAquest sofriment ens ha de fer millors homes\u201d<\/strong>[\/vc_column_text][vc_single_image image=\u00bb819&#8243; img_size=\u00bbfull\u00bb alignment=\u00bbcenter\u00bb style=\u00bbvc_box_rounded\u00bb title=\u00bb2010&#8243;][vc_column_text]<\/p>\n<p class=\"textenormal\">Autor: <strong>Sebasti\u00e1n Casanova F\u00e1brega.<\/strong><\/p>\n<p>[\/vc_column_text][vc_single_image image=\u00bb816&#8243; img_size=\u00bbfull\u00bb alignment=\u00bbcenter\u00bb style=\u00bbvc_box_rounded\u00bb title=\u00bb2007&#8243;][vc_column_text]<\/p>\n<p class=\"textenormal\">Autor: <strong>Teresa Juan Vidal.<\/strong><\/p>\n<p class=\"textenormal\">T\u00edtulo:\u00a0<strong>Mi fin es el comienzo.<\/strong><\/p>\n<p>[\/vc_column_text][vc_single_image image=\u00bb813&#8243; img_size=\u00bbfull\u00bb alignment=\u00bbcenter\u00bb style=\u00bbvc_box_rounded\u00bb title=\u00bb2004&#8243;][vc_column_text]<\/p>\n<p class=\"textenormal\">Autor: <strong>David Aguado Aixal\u00e1.<\/strong><\/p>\n<p class=\"textenormal\">T\u00edtulo: <strong>Sobrevivir\u00e9.<\/strong><\/p>\n<p>[\/vc_column_text][vc_single_image image=\u00bb810&#8243; img_size=\u00bbfull\u00bb alignment=\u00bbcenter\u00bb style=\u00bbvc_box_rounded\u00bb title=\u00bb2001&#8243;][vc_column_text]<\/p>\n<p class=\"textenormal\">Autor: <strong>Xavier Marma\u00f1a Arbiol.<\/strong><\/p>\n<p class=\"textenormal\">T\u00edtulo: <strong>En las Alturas.<\/strong><\/p>\n<p>[\/vc_column_text][vc_single_image image=\u00bb807&#8243; img_size=\u00bbfull\u00bb alignment=\u00bbcenter\u00bb style=\u00bbvc_box_rounded\u00bb title=\u00bb1998&#8243;][vc_column_text]<\/p>\n<p class=\"textenormal\">Autor: <strong>Luis Alarc\u00f3n Calzado.<\/strong><\/p>\n<p class=\"textenormal\">T\u00edtulo: <strong>Procesiones.<\/strong><\/p>\n<p>[\/vc_column_text][vc_single_image image=\u00bb804&#8243; img_size=\u00bbfull\u00bb alignment=\u00bbcenter\u00bb style=\u00bbvc_box_rounded\u00bb title=\u00bb1995&#8243;][vc_column_text]<\/p>\n<p class=\"textenormal\">Autor: <strong>Luis Alarc\u00f3n Calzado.<\/strong><\/p>\n<p class=\"textenormal\">T\u00edtulo: <strong>A la luz de la Cruz.<\/strong><\/p>\n<p>[\/vc_column_text][vc_single_image image=\u00bb801&#8243; img_size=\u00bbfull\u00bb alignment=\u00bbcenter\u00bb style=\u00bbvc_box_rounded\u00bb title=\u00bb1992&#8243;][vc_column_text]<\/p>\n<p class=\"textenormal\">Autor: <strong>Rafael Sanz Camilo.<\/strong><\/p>\n<p>[\/vc_column_text][vc_single_image image=\u00bb798&#8243; img_size=\u00bbfull\u00bb alignment=\u00bbcenter\u00bb style=\u00bbvc_box_rounded\u00bb title=\u00bb1989&#8243;][vc_column_text]<\/p>\n<p class=\"textenormal\">Autor: <strong>Ximo Roures.<\/strong><\/p>\n<p>[\/vc_column_text][vc_separator][\/vc_column][vc_column width=\u00bb1\/3&#8243;][vc_single_image image=\u00bb1273&#8243; img_size=\u00bbfull\u00bb alignment=\u00bbcenter\u00bb style=\u00bbvc_box_rounded\u00bb title=\u00bb2022&#8243;][vc_column_text]<\/p>\n<p class=\"textenormal\">Autor:\u00a0<strong>David Aguado Aixal\u00e0<\/strong><\/p>\n<p class=\"textenormal\">T\u00edtulo:\u00a0<strong>Uni\u00f3n<\/strong><\/p>\n<p>[\/vc_column_text][vc_single_image image=\u00bb1120&#8243; img_size=\u00bbfull\u00bb alignment=\u00bbcenter\u00bb style=\u00bbvc_box_rounded\u00bb title=\u00bb2018&#8243;][vc_column_text]<\/p>\n<p class=\"textenormal\">Autor: <strong>Crist\u00f3bal Aguil\u00f3 Dom\u00ednguez.<\/strong><\/p>\n<p class=\"textenormal\">T\u00edtulo: <strong>Fe.<\/strong><\/p>\n<p>[\/vc_column_text][vc_single_image image=\u00bb821&#8243; img_size=\u00bbfull\u00bb alignment=\u00bbcenter\u00bb style=\u00bbvc_box_rounded\u00bb title=\u00bb2015&#8243;][vc_column_text]<\/p>\n<p class=\"textenormal\">Autor: <strong>Teresa Juan Vidal.<\/strong><\/p>\n<p class=\"textenormal\">T\u00edtulo: <strong>La nit de l&#8217;amistat i la traici\u00f3.<\/strong><\/p>\n<p>[\/vc_column_text][vc_single_image image=\u00bb828&#8243; img_size=\u00bbfull\u00bb style=\u00bbvc_box_rounded\u00bb title=\u00bb2012&#8243;][vc_column_text]Autor:<strong> Isabel Cogollos i Ferrer<\/strong><\/p>\n<p>T\u00edtulo: <strong>\u201cCrucifixi\u00f3\u201d<\/strong><\/p>\n<p>[\/vc_column_text][vc_single_image image=\u00bb818&#8243; img_size=\u00bbfull\u00bb alignment=\u00bbcenter\u00bb style=\u00bbvc_box_rounded\u00bb title=\u00bb2009&#8243;][vc_column_text]<\/p>\n<p class=\"textenormal\">Autor: <strong>Juan Antonio Giner Guzm\u00e1n.<\/strong><\/p>\n<p>[\/vc_column_text][vc_single_image image=\u00bb815&#8243; img_size=\u00bbfull\u00bb alignment=\u00bbcenter\u00bb style=\u00bbvc_box_rounded\u00bb title=\u00bb2006&#8243;][vc_column_text]<\/p>\n<p class=\"textenormal\">Autor: <strong>Alfredo G\u00f3mez Acebes.<\/strong><\/p>\n<p class=\"textenormal\">T\u00edtulo: <strong>La nit del silenci.<\/strong><\/p>\n<p>[\/vc_column_text][vc_single_image image=\u00bb812&#8243; img_size=\u00bbfull\u00bb alignment=\u00bbcenter\u00bb style=\u00bbvc_box_rounded\u00bb title=\u00bb2003&#8243;][vc_column_text]<\/p>\n<p class=\"textenormal\">Autor: <strong>Luis Alarc\u00f3n Calzado.<\/strong><\/p>\n<p class=\"textenormal\">T\u00edtulo: <strong>La ca\u00edda.<\/strong><\/p>\n<p>[\/vc_column_text][vc_single_image image=\u00bb809&#8243; img_size=\u00bbfull\u00bb alignment=\u00bbcenter\u00bb style=\u00bbvc_box_rounded\u00bb title=\u00bb2000&#8243;][vc_column_text]<\/p>\n<p class=\"textenormal\">Autor: <strong>Xavier Marma\u00f1a Arbiol.<\/strong><\/p>\n<p class=\"textenormal\">T\u00edtulo: <strong>Capuchinos.<\/strong><\/p>\n<p>[\/vc_column_text][vc_single_image image=\u00bb806&#8243; img_size=\u00bbfull\u00bb alignment=\u00bbcenter\u00bb style=\u00bbvc_box_rounded\u00bb title=\u00bb1997&#8243;][vc_column_text]<\/p>\n<p class=\"textenormal\">Autor: <strong>Juan Girbes Masi\u00e1.<\/strong><\/p>\n<p class=\"textenormal\">T\u00edtulo: <strong>Silueta.<\/strong><\/p>\n<p>[\/vc_column_text][vc_single_image image=\u00bb803&#8243; img_size=\u00bbfull\u00bb alignment=\u00bbcenter\u00bb style=\u00bbvc_box_rounded\u00bb title=\u00bb1994&#8243;][vc_column_text]<\/p>\n<p class=\"textenormal\">Autor: <strong>Gonzalo Mart\u00ed Beltr\u00e1n.<\/strong><\/p>\n<p class=\"textenormal\">T\u00edtulo: <strong>Sota en vel del patiment.<\/strong><\/p>\n<p>[\/vc_column_text][vc_single_image image=\u00bb800&#8243; img_size=\u00bbfull\u00bb alignment=\u00bbcenter\u00bb style=\u00bbvc_box_rounded\u00bb title=\u00bb1991&#8243;][vc_column_text]<\/p>\n<p class=\"textenormal\">Autor:<strong> Javier Lores Catalan.<\/strong><\/p>\n<p>[\/vc_column_text][vc_single_image image=\u00bb797&#8243; img_size=\u00bbfull\u00bb alignment=\u00bbcenter\u00bb style=\u00bbvc_box_rounded\u00bb title=\u00bb1988&#8243;][\/vc_column][vc_column width=\u00bb1\/3&#8243;][vc_single_image image=\u00bb1266&#8243; img_size=\u00bbfull\u00bb alignment=\u00bbcenter\u00bb style=\u00bbvc_box_rounded\u00bb title=\u00bb2021&#8243;][vc_column_text]<\/p>\n<p class=\"textenormal\">Autor: <strong>Teresa Juan Vidal<\/strong><\/p>\n<p class=\"textenormal\">T\u00edtulo: <strong>FRAGILITAT I FORTALESA<\/strong><\/p>\n<p>[\/vc_column_text][vc_single_image image=\u00bb1088&#8243; img_size=\u00bbfull\u00bb alignment=\u00bbcenter\u00bb style=\u00bbvc_box_rounded\u00bb title=\u00bb2017&#8243;][vc_column_text]<\/p>\n<p class=\"textenormal\">Autor: <strong>Javier Chaler Villanueva.<\/strong><\/p>\n<p class=\"textenormal\">T\u00edtulo: <strong>Mar de passi\u00f3.<\/strong><\/p>\n<p>[\/vc_column_text][vc_single_image image=\u00bb827&#8243; img_size=\u00bbfull\u00bb style=\u00bbvc_box_rounded\u00bb title=\u00bb2014&#8243;][vc_column_text]Autor:<strong> Javier Perez Roig<br \/>\n<\/strong><\/p>\n<p>T\u00edtulo:\u00a0<strong>EL SEU REFLEX ENS IL\u00b7LUMINA EL CAMI<\/strong>[\/vc_column_text][vc_single_image image=\u00bb820&#8243; img_size=\u00bbfull\u00bb alignment=\u00bbcenter\u00bb style=\u00bbvc_box_rounded\u00bb title=\u00bb2011&#8243;][vc_column_text]<\/p>\n<p class=\"textenormal\">Autor: <strong>Gregorio Emilio G\u00f3mez.<\/strong><\/p>\n<p class=\"textenormal\"><i>T\u00edtulo: <strong>\u201cPor los pecados de los hombres\u201d<\/strong><\/i><\/p>\n<p>[\/vc_column_text][vc_single_image image=\u00bb817&#8243; img_size=\u00bbfull\u00bb alignment=\u00bbcenter\u00bb style=\u00bbvc_box_rounded\u00bb title=\u00bb2008&#8243;][vc_column_text]<\/p>\n<p class=\"textenormal\">Autor: <strong>Clara Bayarri Bayarri.<\/strong><\/p>\n<p>[\/vc_column_text][vc_single_image image=\u00bb814&#8243; img_size=\u00bbfull\u00bb alignment=\u00bbcenter\u00bb style=\u00bbvc_box_rounded\u00bb title=\u00bb2005&#8243;][vc_column_text]<\/p>\n<p class=\"textenormal\">Autor: <strong>David Aguado Aixal\u00e0.<\/strong><\/p>\n<p class=\"textenormal\">T\u00edtulo: <strong>Glorioso Silencio.<\/strong><\/p>\n<p>[\/vc_column_text][vc_single_image image=\u00bb811&#8243; img_size=\u00bbfull\u00bb alignment=\u00bbcenter\u00bb style=\u00bbvc_box_rounded\u00bb title=\u00bb2002&#8243;][vc_column_text]<\/p>\n<p class=\"textenormal\">Autor: <strong>Juan Edo Balaguer.<\/strong><\/p>\n<p class=\"textenormal\">T\u00edtulo: <strong>Semana Santa de Vinar\u00f2s, una fe, una tradici\u00f3.<\/strong><\/p>\n<p>[\/vc_column_text][vc_single_image image=\u00bb808&#8243; img_size=\u00bbfull\u00bb alignment=\u00bbcenter\u00bb style=\u00bbvc_box_rounded\u00bb title=\u00bb1999&#8243;][vc_column_text]<\/p>\n<p class=\"textenormal\">Autor: <strong>Luis Alarc\u00f3n Calzado.<\/strong><\/p>\n<p class=\"textenormal\">T\u00edtulo: <strong>Capuchinos.<\/strong><\/p>\n<p>[\/vc_column_text][vc_single_image image=\u00bb805&#8243; img_size=\u00bbfull\u00bb alignment=\u00bbcenter\u00bb style=\u00bbvc_box_rounded\u00bb title=\u00bb1996&#8243;][vc_column_text]<\/p>\n<p class=\"textenormal\">Autor: <strong>Beatriz Brau Checa.<\/strong><\/p>\n<p class=\"textenormal\">T\u00edtulo: <strong>Contrallum.<\/strong><\/p>\n<p>[\/vc_column_text][vc_single_image image=\u00bb802&#8243; img_size=\u00bbfull\u00bb alignment=\u00bbcenter\u00bb style=\u00bbvc_box_rounded\u00bb title=\u00bb1993&#8243;][vc_column_text]<\/p>\n<p class=\"textenormal\">Autor: <strong>Gonzalo Mart\u00ed Beltr\u00e1n.<\/strong><\/p>\n<p class=\"textenormal\">T\u00edtulo: <strong>Al pi\u00e9 de la Cruz.<\/strong><\/p>\n<p>[\/vc_column_text][vc_single_image image=\u00bb799&#8243; img_size=\u00bbfull\u00bb alignment=\u00bbcenter\u00bb style=\u00bbvc_box_rounded\u00bb title=\u00bb1990&#8243;][vc_column_text]<\/p>\n<p class=\"textenormal\">Autor: <strong>Juan Jos\u00e9 Mart\u00ednez.<\/strong><\/p>\n<p>[\/vc_column_text][\/vc_column][\/vc_row]<\/p>\n<\/div>","protected":false},"excerpt":{"rendered":"<p>[vc_row][vc_column width=\u00bb1\/3&#8243;][\/vc_column][vc_single_image image=\u00bb1493&#8243; img_size=\u00bbfull\u00bb alignment=\u00bbcenter\u00bb style=\u00bbvc_box_rounded\u00bb title=\u00bb2026&#8243;][vc_column_text] Autor: Javier Rada A\u00f3s T\u00edtulo: Consummatum Est [\/vc_column_text][\/vc_row][vc_row][vc_column][vc_column_text] [\/vc_column_text][\/vc_column][\/vc_row][vc_row][vc_column width=\u00bb1\/3&#8243;][\/vc_column][vc_single_image image=\u00bb1443&#8243; img_size=\u00bbfull\u00bb alignment=\u00bbcenter\u00bb style=\u00bbvc_box_rounded\u00bb title=\u00bb2025&#8243;][vc_column_text] Autor: Rub\u00e9n Lucas Garc\u00eda T\u00edtulo: Llapis [\/vc_column_text][\/vc_row][vc_row][vc_column][vc_column_text] [\/vc_column_text][\/vc_column][\/vc_row][vc_row][vc_column width=\u00bb1\/3&#8243;][\/vc_column][vc_single_image image=\u00bb1402&#8243; img_size=\u00bbfull\u00bb alignment=\u00bbcenter\u00bb style=\u00bbvc_box_rounded\u00bb title=\u00bb2024&#8243;][vc_column_text] Autor:\u00a0Daniel Garcia Moragues T\u00edtulo:\u00a0Dolor y fe [\/vc_column_text][\/vc_row][vc_row][vc_column][vc_column_text] [\/vc_column_text][\/vc_column][\/vc_row][vc_row][vc_column width=\u00bb1\/3&#8243;][vc_single_image image=\u00bb1342&#8243; img_size=\u00bbfull\u00bb alignment=\u00bbcenter\u00bb style=\u00bbvc_box_rounded\u00bb title=\u00bb2023&#8243;][vc_column_text] Autor:\u00a0Crist\u00f3bal Aguil\u00f3 Dominguez T\u00edtulo:\u00a0Una fe&nbsp;<\/p>\n<p><a class=\"btn btn-style\" href=\"https:\/\/www.semanasantavinaros.es\/ss\/carteles\/\">Continue Reading<\/a><\/p>\n","protected":false},"author":1,"featured_media":0,"parent":0,"menu_order":0,"comment_status":"closed","ping_status":"closed","template":"","meta":{"_mi_skip_tracking":false},"_links":{"self":[{"href":"https:\/\/www.semanasantavinaros.es\/ss\/wp-json\/wp\/v2\/pages\/760"}],"collection":[{"href":"https:\/\/www.semanasantavinaros.es\/ss\/wp-json\/wp\/v2\/pages"}],"about":[{"href":"https:\/\/www.semanasantavinaros.es\/ss\/wp-json\/wp\/v2\/types\/page"}],"author":[{"embeddable":true,"href":"https:\/\/www.semanasantavinaros.es\/ss\/wp-json\/wp\/v2\/users\/1"}],"replies":[{"embeddable":true,"href":"https:\/\/www.semanasantavinaros.es\/ss\/wp-json\/wp\/v2\/comments?post=760"}],"version-history":[{"count":31,"href":"https:\/\/www.semanasantavinaros.es\/ss\/wp-json\/wp\/v2\/pages\/760\/revisions"}],"predecessor-version":[{"id":1497,"href":"https:\/\/www.semanasantavinaros.es\/ss\/wp-json\/wp\/v2\/pages\/760\/revisions\/1497"}],"wp:attachment":[{"href":"https:\/\/www.semanasantavinaros.es\/ss\/wp-json\/wp\/v2\/media?parent=760"}],"curies":[{"name":"wp","href":"https:\/\/api.w.org\/{rel}","templated":true}]}}