{"id":840,"date":"2016-02-29T11:15:06","date_gmt":"2016-02-29T11:15:06","guid":{"rendered":"https:\/\/www.semanasantavinaros.es\/ss\/?page_id=840"},"modified":"2025-03-27T09:28:05","modified_gmt":"2025-03-27T09:28:05","slug":"federacion","status":"publish","type":"page","link":"https:\/\/www.semanasantavinaros.es\/ss\/nuestra-historia\/federacion\/","title":{"rendered":"Federaci\u00f3n"},"content":{"rendered":"<p style=\"text-align: center;\"><span style=\"color: #800080;\"><strong>Federaci\u00f3n de Cofrad\u00edas <\/strong><\/span><span style=\"color: #800080;\"><strong>de Semana Santa de Vinar\u00f2s<\/strong><\/span><\/p>\n<p><img decoding=\"async\" loading=\"lazy\" class=\"aligncenter wp-image-1442 size-large\" src=\"https:\/\/www.semanasantavinaros.es\/ss\/wp-content\/uploads\/5265-1024x768.jpg\" alt=\"\" width=\"1024\" height=\"768\" srcset=\"https:\/\/www.semanasantavinaros.es\/ss\/wp-content\/uploads\/5265-1024x768.jpg 1024w, https:\/\/www.semanasantavinaros.es\/ss\/wp-content\/uploads\/5265-300x225.jpg 300w, https:\/\/www.semanasantavinaros.es\/ss\/wp-content\/uploads\/5265-768x576.jpg 768w, https:\/\/www.semanasantavinaros.es\/ss\/wp-content\/uploads\/5265-1536x1152.jpg 1536w, https:\/\/www.semanasantavinaros.es\/ss\/wp-content\/uploads\/5265.jpg 2000w\" sizes=\"(max-width: 1024px) 100vw, 1024px\" \/><\/p>\n<p>&nbsp;<\/p>\n<p>&nbsp;<\/p>\n<p class=\"p1\"><span class=\"s1\" style=\"color: #800080;\"><b>Consiliario Fundador<\/b><\/span><\/p>\n<p class=\"p2\"><span class=\"s1\"><b>Mn. Enrique Porcar For\u00e9s (2003+)<\/b><\/span><\/p>\n<p class=\"p1\"><span class=\"s1\" style=\"color: #800080;\"><b>Consiliario<\/b><\/span><\/p>\n<p class=\"p2\"><span class=\"s1\"><b>Mn. Emilio Vinaixa Porcar<\/b><\/span><\/p>\n<p class=\"p1\"><span class=\"s1\" style=\"color: #800080;\"><b>Presidente<\/b><\/span><\/p>\n<p class=\"p2\"><span class=\"s1\" style=\"color: #800080;\"><b>D. Sebasti\u00e1n Torres Cam\u00f3s<\/b><\/span><\/p>\n<p class=\"p2\"><span class=\"s1\"><i>COFRAD\u00cdA CRIST DELS MARINERS<\/i><\/span><\/p>\n<p class=\"p1\"><span class=\"s1\" style=\"color: #800080;\"><b>Vicepresidente<\/b><\/span><\/p>\n<p class=\"p2\"><span class=\"s1\" style=\"color: #800080;\"><b>D. Cristian Garc\u00eda Boix<\/b><\/span><\/p>\n<p class=\"p2\"><span class=\"s1\"><i>COFRADIA CRIST DELS MARINERS<\/i><\/span><\/p>\n<p class=\"p1\"><span class=\"s1\" style=\"color: #800080;\"><b>Secretaria<\/b><\/span><\/p>\n<p class=\"p2\"><span class=\"s1\" style=\"color: #800080;\"><b>D\u00f1a. Ana Vazquez Mompel<\/b><\/span><\/p>\n<p class=\"p2\"><span class=\"s1\"><i>COFRAD\u00cdA DEL CRISTO DE LA PAZ<\/i><\/span><\/p>\n<p class=\"p1\"><span class=\"s1\" style=\"color: #800080;\"><b>Tesorero<\/b><\/span><\/p>\n<p class=\"p2\"><span class=\"s1\" style=\"color: #800080;\"><b>D. Juan Eduardo Albiol Guimer\u00e1<\/b><\/span><\/p>\n<p class=\"p2\"><span class=\"s1\"><i>COFRAD\u00cdA LA ORACI\u00d3N DEL HUERTO<\/i><\/span><\/p>\n<p>&nbsp;<\/p>\n<p class=\"p1\"><span class=\"s1\" style=\"color: #800080;\"><b>Vocales Comisi\u00f3n Permanente<\/b><\/span><\/p>\n<p class=\"p2\"><span class=\"s1\" style=\"color: #800080;\"><b>D. Juan Eduardo Albiol Vidal<\/b><\/span><\/p>\n<p class=\"p2\"><span class=\"s1\"><i>COFRAD\u00cdA LA ORACI\u00d3N DEL HUERTO<\/i><\/span><\/p>\n<p class=\"p2\"><span class=\"s1\" style=\"color: #800080;\"><b>D\u00f1a. Inmaculada Red\u00f3 Jornaler<\/b><\/span><\/p>\n<p class=\"p2\"><i>COFRAD\u00cdA PORTANTES VIRGEN DE LOS DOLORES<\/i><\/p>\n<p class=\"p2\"><span class=\"s1\" style=\"color: #800080;\"><b>D\u00f1a. Rosa Mar\u00eda Besalduch Bort<\/b><\/span><\/p>\n<p class=\"p2\"><span class=\"s1\"><i>HERMANDAD ESTUDIANTIL DE LOS AZOTES EN LA COLUMNA<\/i><\/span><\/p>\n<p>&nbsp;<\/p>\n<p class=\"p1\"><span class=\"s1\" style=\"color: #800080;\"><b>Vocales<\/b><\/span><\/p>\n<p class=\"p2\"><span class=\"s1\"><b>D. Juan Francisco Pablo Ferr\u00e1<\/b><\/span><\/p>\n<p class=\"p2\"><span class=\"s1\" style=\"color: #800080;\"><i>COFRAD\u00cdA PASO SAN PEDRO<\/i><\/span><\/p>\n<p class=\"p2\"><span class=\"s1\"><b>D. Alberto Falc\u00f3 Pascual<\/b><\/span><\/p>\n<p class=\"p2\"><span class=\"s1\" style=\"color: #800080;\"><i>COFRAD\u00cdA ECCE HOMO<\/i><\/span><\/p>\n<p class=\"p2\"><span class=\"s1\"><b>D. Rafael Galeote Agudo<\/b><\/span><\/p>\n<p class=\"p2\"><span class=\"s1\" style=\"color: #800080;\"><i>HERMANDAD DE JES\u00daS CAUTIVO Y NTRA. SRA. DE LA MERCED<\/i><\/span><\/p>\n<p class=\"p2\"><span class=\"s1\"><b>D. Francisco Escura Mir<\/b><\/span><\/p>\n<p class=\"p2\"><span class=\"s1\" style=\"color: #800080;\"><i>COFRAD\u00cdA EL DESCENDIMIENTO<\/i><\/span><\/p>\n<p class=\"p2\"><span class=\"s1\"><b>D\u00f1a. F\u00e1tima Vizcarro Abella<\/b><\/span><\/p>\n<p class=\"p2\"><span class=\"s1\" style=\"color: #800080;\"><i>COFRAD\u00cdA DE JES\u00daS NAZARENO Y SANTO SEPULCRO<\/i><\/span><\/p>\n<p class=\"p2\"><span class=\"s1\"><b>D. Sebasti\u00e1n Juan Velilla<\/b><\/span><\/p>\n<p class=\"p2\"><span class=\"s1\" style=\"color: #800080;\"><i>CRISTO DE LA FAMILIA JUAN<\/i><\/span><\/p>\n<p class=\"p2\"><span class=\"s1\"><b>D. Jos\u00e9 Manuel Fuentes Caballero<\/b><\/span><\/p>\n<p class=\"p2\"><span class=\"s1\" style=\"color: #800080;\"><i>COFRAD\u00cdA VIRGEN DE LAS ANGUSTIAS<\/i><\/span><\/p>\n<p class=\"p2\"><span class=\"s1\"><b>D\u00f1a. Angels Rodriguez Tosca<\/b><\/span><\/p>\n<p class=\"p2\"><span class=\"s1\" style=\"color: #800080;\"><i>COFRAD\u00cdA DEL SANT\u00cdSSIM SAGRAMENT<\/i><\/span><\/p>\n<p>&nbsp;<\/p>\n<p class=\"p1\"><span style=\"color: #800080;\"><span class=\"s1\"><b>Cofrad\u00edas no integradas o <\/b><\/span><b>vinculadas con la Federaci\u00f3n:<\/b><\/span><\/p>\n<p class=\"p2\"><span class=\"s1\"><b>D. Agust\u00edn Asensi Artiga<\/b><\/span><\/p>\n<p class=\"p2\"><span class=\"s1\" style=\"color: #800080;\"><i>PORTANTES VIRGEN DEL ENCUENTRO<\/i><\/span><\/p>\n<p class=\"p2\"><span class=\"s1\"><b>D. Claudio Beltr\u00e1n Ferreres<\/b><\/span><\/p>\n<p class=\"p2\"><span class=\"s1\" style=\"color: #800080;\"><i>COFRAD\u00cdA DE LA SANT\u00cdSIMA FAZ<\/i><\/span><\/p>\n<p>&nbsp;<\/p>\n","protected":false},"excerpt":{"rendered":"<p>Federaci\u00f3n de Cofrad\u00edas de Semana Santa de Vinar\u00f2s &nbsp; &nbsp; Consiliario Fundador Mn. Enrique Porcar For\u00e9s (2003+) Consiliario Mn. Emilio Vinaixa Porcar Presidente D. Sebasti\u00e1n Torres Cam\u00f3s COFRAD\u00cdA CRIST DELS MARINERS Vicepresidente D. Cristian Garc\u00eda Boix COFRADIA CRIST DELS MARINERS Secretaria D\u00f1a. Ana Vazquez Mompel COFRAD\u00cdA DEL CRISTO DE LA PAZ Tesorero D. Juan Eduardo&nbsp;<\/p>\n<p><a class=\"btn btn-style\" href=\"https:\/\/www.semanasantavinaros.es\/ss\/nuestra-historia\/federacion\/\">Continue Reading<\/a><\/p>\n","protected":false},"author":1,"featured_media":0,"parent":751,"menu_order":0,"comment_status":"closed","ping_status":"closed","template":"","meta":{"_mi_skip_tracking":false},"_links":{"self":[{"href":"https:\/\/www.semanasantavinaros.es\/ss\/wp-json\/wp\/v2\/pages\/840"}],"collection":[{"href":"https:\/\/www.semanasantavinaros.es\/ss\/wp-json\/wp\/v2\/pages"}],"about":[{"href":"https:\/\/www.semanasantavinaros.es\/ss\/wp-json\/wp\/v2\/types\/page"}],"author":[{"embeddable":true,"href":"https:\/\/www.semanasantavinaros.es\/ss\/wp-json\/wp\/v2\/users\/1"}],"replies":[{"embeddable":true,"href":"https:\/\/www.semanasantavinaros.es\/ss\/wp-json\/wp\/v2\/comments?post=840"}],"version-history":[{"count":6,"href":"https:\/\/www.semanasantavinaros.es\/ss\/wp-json\/wp\/v2\/pages\/840\/revisions"}],"predecessor-version":[{"id":1465,"href":"https:\/\/www.semanasantavinaros.es\/ss\/wp-json\/wp\/v2\/pages\/840\/revisions\/1465"}],"up":[{"embeddable":true,"href":"https:\/\/www.semanasantavinaros.es\/ss\/wp-json\/wp\/v2\/pages\/751"}],"wp:attachment":[{"href":"https:\/\/www.semanasantavinaros.es\/ss\/wp-json\/wp\/v2\/media?parent=840"}],"curies":[{"name":"wp","href":"https:\/\/api.w.org\/{rel}","templated":true}]}}